{"id":274,"date":"2024-12-06T11:17:55","date_gmt":"2024-12-06T10:17:55","guid":{"rendered":"https:\/\/istortona.it\/2025\/?page_id=274"},"modified":"2024-12-10T08:44:15","modified_gmt":"2024-12-10T07:44:15","slug":"bilinguismo","status":"publish","type":"page","link":"https:\/\/istortona.it\/2025\/bilinguismo\/","title":{"rendered":"Bilinguismo"},"content":{"rendered":"\n<p>Nella nostra scuola primaria, l&#8217;introduzione del bilinguismo a partire dalle prime classi \u00e8 un approccio educativo efficace per sviluppare competenze linguistiche in pi\u00f9 lingue fin dalla giovane et\u00e0. Questo metodo di insegnamento aiuta gli alunni a:<\/p>\n\n\n\n<ol start=\"1\" class=\"wp-block-list\">\n<li><strong>Acquisire una seconda lingua<\/strong>: Introducendo una seconda lingua in modo precoce, i bambini possono imparare a parlare, leggere e scrivere in essa in modo naturale.<\/li>\n\n\n\n<li><strong>Sviluppare competenze cognitive<\/strong>: Il bilinguismo \u00e8 correlato a benefici cognitivi, come una maggiore abilit\u00e0 nel problem solving, maggiore creativit\u00e0 e miglior capacit\u00e0 di multitasking.<\/li>\n\n\n\n<li><strong>Arricchire la cultura<\/strong>: L&#8217;apprendimento di una lingua straniera include spesso la cultura e le tradizioni dei paesi francofoni, anglofoni o di altre culture, promuovendo una maggiore comprensione interculturale.<\/li>\n\n\n\n<li><strong>Favorire la preparazione per il futuro<\/strong>: In un mondo sempre pi\u00f9 globalizzato, la conoscenza di pi\u00f9 lingue \u00e8 un vantaggio significativo nel mercato del lavoro.<\/li>\n<\/ol>\n\n\n\n<p>Le scuole che offrono corsi bilingue di solito implementano strategie didattiche diversificate, come l&#8217;insegnamento immersivo e l\u2019uso di materiali didattici in entrambe le lingue. Se desideri informazioni pi\u00f9 specifiche sul nostro \u00a0programma di bilinguismo, pu\u00f2 contattarci ai ns riferimenti nella sezione Contatti.<\/p>\n","protected":false},"excerpt":{"rendered":"<p>Nella nostra scuola primaria, l&#8217;introduzione del bilinguismo a partire dalle prime classi \u00e8 un approccio educativo efficace per sviluppare competenze linguistiche in pi\u00f9 lingue fin dalla giovane et\u00e0. Questo metodo di insegnamento aiuta gli alunni a: Le scuole che offrono corsi bilingue di solito implementano strategie didattiche diversificate, come l&#8217;insegnamento immersivo e l\u2019uso di materiali [&hellip;]<\/p>\n","protected":false},"author":1,"featured_media":276,"parent":0,"menu_order":0,"comment_status":"closed","ping_status":"closed","template":"","meta":{"footnotes":""},"class_list":["post-274","page","type-page","status-publish","has-post-thumbnail","hentry"],"_links":{"self":[{"href":"https:\/\/istortona.it\/2025\/wp-json\/wp\/v2\/pages\/274","targetHints":{"allow":["GET"]}}],"collection":[{"href":"https:\/\/istortona.it\/2025\/wp-json\/wp\/v2\/pages"}],"about":[{"href":"https:\/\/istortona.it\/2025\/wp-json\/wp\/v2\/types\/page"}],"author":[{"embeddable":true,"href":"https:\/\/istortona.it\/2025\/wp-json\/wp\/v2\/users\/1"}],"replies":[{"embeddable":true,"href":"https:\/\/istortona.it\/2025\/wp-json\/wp\/v2\/comments?post=274"}],"version-history":[{"count":2,"href":"https:\/\/istortona.it\/2025\/wp-json\/wp\/v2\/pages\/274\/revisions"}],"predecessor-version":[{"id":402,"href":"https:\/\/istortona.it\/2025\/wp-json\/wp\/v2\/pages\/274\/revisions\/402"}],"wp:featuredmedia":[{"embeddable":true,"href":"https:\/\/istortona.it\/2025\/wp-json\/wp\/v2\/media\/276"}],"wp:attachment":[{"href":"https:\/\/istortona.it\/2025\/wp-json\/wp\/v2\/media?parent=274"}],"curies":[{"name":"wp","href":"https:\/\/api.w.org\/{rel}","templated":true}]}}